{"id":278,"date":"2025-01-29T20:22:27","date_gmt":"2025-01-29T19:22:27","guid":{"rendered":"https:\/\/www.hannover-hno.de\/?page_id=278"},"modified":"2025-01-29T23:40:54","modified_gmt":"2025-01-29T22:40:54","slug":"online-termine-hyposensibilisierung","status":"publish","type":"page","link":"https:\/\/www.hannover-hno.de\/?page_id=278","title":{"rendered":"Online Termine Hyposensibilisierung"},"content":{"rendered":"\n<p>F\u00fcr unsere Bestandspatienten, die eine Hyposensibilisierungstherapie in der Praxis durchf\u00fchren, bieten wir die M\u00f6glichkeit an die Termine hier zu reservieren. An alle anderen, bitte lest diesen Text bis zu Ende. Noch ist die Terminvergabe f\u00fcr<strong> Arzttermine<\/strong> <strong>nicht <\/strong>m\u00f6glich. Wird in k\u00fcrze hier folgen. Daher blockiert bitte nicht den Terminkalender. Vielen Dank.<\/p>\n\n\n<div id='o6whg'><\/div>\n<p><script type='text\/javascript' src='https:\/\/api.termed.de\/v2\/facharzt_widget.php?id=o6whg&#038;w=28f947450d'><\/script><\/p>\n\n\n<p><\/p>\n","protected":false},"excerpt":{"rendered":"<p>F\u00fcr unsere Bestandspatienten, die eine Hyposensibilisierungstherapie in der Praxis durchf\u00fchren, bieten wir die M\u00f6glichkeit an die Termine hier zu reservieren. An alle anderen, bitte lest diesen Text bis zu Ende. Noch ist die Terminvergabe f\u00fcr Arzttermine nicht m\u00f6glich. Wird in k\u00fcrze hier folgen. Daher blockiert bitte nicht den Terminkalender. Vielen Dank.<\/p>\n","protected":false},"author":1,"featured_media":0,"parent":0,"menu_order":0,"comment_status":"closed","ping_status":"closed","template":"","meta":{"footnotes":""},"class_list":["post-278","page","type-page","status-publish","hentry"],"_links":{"self":[{"href":"https:\/\/www.hannover-hno.de\/index.php?rest_route=\/wp\/v2\/pages\/278","targetHints":{"allow":["GET"]}}],"collection":[{"href":"https:\/\/www.hannover-hno.de\/index.php?rest_route=\/wp\/v2\/pages"}],"about":[{"href":"https:\/\/www.hannover-hno.de\/index.php?rest_route=\/wp\/v2\/types\/page"}],"author":[{"embeddable":true,"href":"https:\/\/www.hannover-hno.de\/index.php?rest_route=\/wp\/v2\/users\/1"}],"replies":[{"embeddable":true,"href":"https:\/\/www.hannover-hno.de\/index.php?rest_route=%2Fwp%2Fv2%2Fcomments&post=278"}],"version-history":[{"count":3,"href":"https:\/\/www.hannover-hno.de\/index.php?rest_route=\/wp\/v2\/pages\/278\/revisions"}],"predecessor-version":[{"id":284,"href":"https:\/\/www.hannover-hno.de\/index.php?rest_route=\/wp\/v2\/pages\/278\/revisions\/284"}],"wp:attachment":[{"href":"https:\/\/www.hannover-hno.de\/index.php?rest_route=%2Fwp%2Fv2%2Fmedia&parent=278"}],"curies":[{"name":"wp","href":"https:\/\/api.w.org\/{rel}","templated":true}]}}