{"id":73,"date":"2019-12-17T19:37:50","date_gmt":"2019-12-17T18:37:50","guid":{"rendered":"https:\/\/www.hannover-hno.de\/?page_id=73"},"modified":"2020-11-18T07:15:05","modified_gmt":"2020-11-18T06:15:05","slug":"leistungsspektrum","status":"publish","type":"page","link":"https:\/\/www.hannover-hno.de\/?page_id=73","title":{"rendered":"Leistungsspektrum"},"content":{"rendered":"\n<p>Unsere Praxis bietet modernste digitale Diagnostik auf Basis der aktuellsten Technik. Hier nur ein Auszug, f\u00fcr weitere Themen sprechen Sie uns an. <\/p>\n\n\n\n<p>Neben der Diagnostik Operieren wir in der Sophienklinik als Beleg\u00e4rzte ca. 200 station\u00e4re Eingriffe \/ Jahr insbesondere Nasen, Nasennebenh\u00f6hlen, Halseingriffe, Stimmbandeingriffe sowie 200 ambulante Operationen insbesondere bei Kleinkindern mit Paukendrainage, Entfernung der Rachenmandeln sowie Verkleinerung der Gaumenmandeln. <\/p>\n\n\n\n<div class=\"wp-block-media-text alignwide\" style=\"grid-template-columns:22% auto\"><figure class=\"wp-block-media-text__media\"><img loading=\"lazy\" decoding=\"async\" width=\"768\" height=\"1024\" src=\"https:\/\/www.hannover-hno.de\/wp-content\/uploads\/2019\/12\/20191024_123710-768x1024.jpg\" alt=\"Audiometrie\" class=\"wp-image-53\" srcset=\"https:\/\/www.hannover-hno.de\/wp-content\/uploads\/2019\/12\/20191024_123710-768x1024.jpg 768w, https:\/\/www.hannover-hno.de\/wp-content\/uploads\/2019\/12\/20191024_123710-225x300.jpg 225w, https:\/\/www.hannover-hno.de\/wp-content\/uploads\/2019\/12\/20191024_123710-1152x1536.jpg 1152w, https:\/\/www.hannover-hno.de\/wp-content\/uploads\/2019\/12\/20191024_123710-1536x2048.jpg 1536w, https:\/\/www.hannover-hno.de\/wp-content\/uploads\/2019\/12\/20191024_123710-scaled.jpg 1920w\" sizes=\"auto, (max-width: 767px) 89vw, (max-width: 1000px) 54vw, (max-width: 1071px) 543px, 580px\" \/><\/figure><div class=\"wp-block-media-text__content\">\n<ul class=\"wp-block-list\"><li>Ton und Sprachaudiometrie<\/li><li>H\u00f6rger\u00e4teverordnung und \u00dcberpr\u00fcfung<\/li><li>Impedanz und Stapediusreflexe<\/li><li>Gutachten bez\u00fcglich L\u00e4rm, Fahrtauglichkeit etc. <\/li><li>Hirnstammaudiometrie (BERA)<\/li><li>Otoakustische Emissionen (OAE)<\/li><li>Neugeborenen Screening<\/li><\/ul>\n<\/div><\/div>\n\n\n\n<div class=\"wp-block-media-text alignwide\" style=\"grid-template-columns:22% auto\"><figure class=\"wp-block-media-text__media\"><img loading=\"lazy\" decoding=\"async\" width=\"1024\" height=\"768\" src=\"https:\/\/www.hannover-hno.de\/wp-content\/uploads\/2019\/12\/20191024_124010-1024x768.jpg\" alt=\"Polygraphie\" class=\"wp-image-50\" srcset=\"https:\/\/www.hannover-hno.de\/wp-content\/uploads\/2019\/12\/20191024_124010-1024x768.jpg 1024w, https:\/\/www.hannover-hno.de\/wp-content\/uploads\/2019\/12\/20191024_124010-300x225.jpg 300w, https:\/\/www.hannover-hno.de\/wp-content\/uploads\/2019\/12\/20191024_124010-768x576.jpg 768w, https:\/\/www.hannover-hno.de\/wp-content\/uploads\/2019\/12\/20191024_124010-1536x1152.jpg 1536w, https:\/\/www.hannover-hno.de\/wp-content\/uploads\/2019\/12\/20191024_124010-2048x1536.jpg 2048w\" sizes=\"auto, (max-width: 767px) 89vw, (max-width: 1000px) 54vw, (max-width: 1071px) 543px, 580px\" \/><\/figure><div class=\"wp-block-media-text__content\">\n<ul class=\"wp-block-list\"><li>Polygraphie<\/li><li>Behandlung von Schlafst\u00f6rungen und Schnarchen<\/li><\/ul>\n<\/div><\/div>\n\n\n\n<div class=\"wp-block-media-text alignwide\" style=\"grid-template-columns:22% auto\"><figure class=\"wp-block-media-text__media\"><img loading=\"lazy\" decoding=\"async\" width=\"1024\" height=\"768\" src=\"https:\/\/www.hannover-hno.de\/wp-content\/uploads\/2019\/12\/20191024_123912-1024x768.jpg\" alt=\"Vestibularisdiagnostik\" class=\"wp-image-49\" srcset=\"https:\/\/www.hannover-hno.de\/wp-content\/uploads\/2019\/12\/20191024_123912-1024x768.jpg 1024w, https:\/\/www.hannover-hno.de\/wp-content\/uploads\/2019\/12\/20191024_123912-300x225.jpg 300w, https:\/\/www.hannover-hno.de\/wp-content\/uploads\/2019\/12\/20191024_123912-768x576.jpg 768w, https:\/\/www.hannover-hno.de\/wp-content\/uploads\/2019\/12\/20191024_123912-1536x1152.jpg 1536w, https:\/\/www.hannover-hno.de\/wp-content\/uploads\/2019\/12\/20191024_123912-2048x1536.jpg 2048w\" sizes=\"auto, (max-width: 767px) 89vw, (max-width: 1000px) 54vw, (max-width: 1071px) 543px, 580px\" \/><\/figure><div class=\"wp-block-media-text__content\">\n<ul class=\"wp-block-list\"><li>\u00dcberpr\u00fcfung der Gleichgewichtsorgane mittels Videonystagmographie<\/li><li>Kalorische Reizung<\/li><li>Videokopfimpulstest (VKit)<\/li><\/ul>\n<\/div><\/div>\n\n\n\n<ul class=\"wp-block-list\"><li>Allergiediagnostik<\/li><li>Hyposensibilisierung<\/li><li>Nasale Provokationsmessung<\/li><\/ul>\n\n\n\n<ul class=\"wp-block-list\"><li>Rhinomanometrie<\/li><li>Nasenendoskopie mittels Videoendoskop<\/li><\/ul>\n\n\n\n<ul class=\"wp-block-list\"><li>Endoskopische Stimmband \/ Kehlkopfuntersuchung mittels Videolaryngoskop<\/li><li>Videostroboskopie <\/li><li>Ambulante und station\u00e4re Operationen<\/li><\/ul>\n\n\n\n<p><\/p>\n","protected":false},"excerpt":{"rendered":"<p>Unsere Praxis bietet modernste digitale Diagnostik auf Basis der aktuellsten Technik. Hier nur ein Auszug, f\u00fcr weitere Themen sprechen Sie uns an. Neben der Diagnostik Operieren wir in der Sophienklinik als Beleg\u00e4rzte ca. 200 station\u00e4re Eingriffe \/ Jahr insbesondere Nasen, Nasennebenh\u00f6hlen, Halseingriffe, Stimmbandeingriffe sowie 200 ambulante Operationen insbesondere bei Kleinkindern mit Paukendrainage, Entfernung der Rachenmandeln &hellip; <\/p>\n<p class=\"link-more\"><a href=\"https:\/\/www.hannover-hno.de\/?page_id=73\" class=\"more-link\"><span class=\"screen-reader-text\">\u201eLeistungsspektrum\u201c <\/span>weiterlesen<\/a><\/p>\n","protected":false},"author":1,"featured_media":0,"parent":0,"menu_order":0,"comment_status":"closed","ping_status":"closed","template":"","meta":{"footnotes":""},"class_list":["post-73","page","type-page","status-publish","hentry"],"_links":{"self":[{"href":"https:\/\/www.hannover-hno.de\/index.php?rest_route=\/wp\/v2\/pages\/73","targetHints":{"allow":["GET"]}}],"collection":[{"href":"https:\/\/www.hannover-hno.de\/index.php?rest_route=\/wp\/v2\/pages"}],"about":[{"href":"https:\/\/www.hannover-hno.de\/index.php?rest_route=\/wp\/v2\/types\/page"}],"author":[{"embeddable":true,"href":"https:\/\/www.hannover-hno.de\/index.php?rest_route=\/wp\/v2\/users\/1"}],"replies":[{"embeddable":true,"href":"https:\/\/www.hannover-hno.de\/index.php?rest_route=%2Fwp%2Fv2%2Fcomments&post=73"}],"version-history":[{"count":5,"href":"https:\/\/www.hannover-hno.de\/index.php?rest_route=\/wp\/v2\/pages\/73\/revisions"}],"predecessor-version":[{"id":148,"href":"https:\/\/www.hannover-hno.de\/index.php?rest_route=\/wp\/v2\/pages\/73\/revisions\/148"}],"wp:attachment":[{"href":"https:\/\/www.hannover-hno.de\/index.php?rest_route=%2Fwp%2Fv2%2Fmedia&parent=73"}],"curies":[{"name":"wp","href":"https:\/\/api.w.org\/{rel}","templated":true}]}}